{"id":319,"date":"2021-11-09T13:53:40","date_gmt":"2021-11-09T13:53:40","guid":{"rendered":"https:\/\/wellharmony.me\/wp\/?page_id=319"},"modified":"2024-05-17T08:44:01","modified_gmt":"2024-05-17T08:44:01","slug":"familienstellen","status":"publish","type":"page","link":"https:\/\/www.wellharmony.ch\/index.php\/familienstellen\/","title":{"rendered":"Familienstellen"},"content":{"rendered":"\t\t<div data-elementor-type=\"wp-page\" data-elementor-id=\"319\" class=\"elementor elementor-319\" data-elementor-post-type=\"page\">\n\t\t\t\t\t\t<header class=\"elementor-section elementor-top-section elementor-element elementor-element-551a373 elementor-section-content-middle elementor-section-height-min-height elementor-section-full_width elementor-section-height-default elementor-section-items-middle\" data-id=\"551a373\" data-element_type=\"section\" data-e-type=\"section\" data-settings=\"{&quot;background_background&quot;:&quot;classic&quot;}\">\n\t\t\t\t\t\t<div class=\"elementor-container elementor-column-gap-no\">\n\t\t\t\t\t<div class=\"elementor-column elementor-col-25 elementor-top-column elementor-element elementor-element-d93e4f7\" data-id=\"d93e4f7\" data-element_type=\"column\" data-e-type=\"column\">\n\t\t\t<div class=\"elementor-widget-wrap elementor-element-populated\">\n\t\t\t\t\t\t<div class=\"elementor-element elementor-element-e40ad6d elementor-widget elementor-widget-image\" data-id=\"e40ad6d\" data-element_type=\"widget\" data-e-type=\"widget\" data-widget_type=\"image.default\">\n\t\t\t\t<div class=\"elementor-widget-container\">\n\t\t\t\t\t\t\t\t\t\t\t\t\t\t\t<img fetchpriority=\"high\" decoding=\"async\" width=\"573\" height=\"124\" src=\"https:\/\/www.wellharmony.ch\/wp-content\/uploads\/2024\/04\/Logo-by-colleen2024weiss.png\" class=\"attachment-large size-large wp-image-2958\" alt=\"\" srcset=\"https:\/\/www.wellharmony.ch\/wp-content\/uploads\/2024\/04\/Logo-by-colleen2024weiss.png 573w, https:\/\/www.wellharmony.ch\/wp-content\/uploads\/2024\/04\/Logo-by-colleen2024weiss-300x65.png 300w\" sizes=\"(max-width: 573px) 100vw, 573px\" \/>\t\t\t\t\t\t\t\t\t\t\t\t\t\t\t<\/div>\n\t\t\t\t<\/div>\n\t\t\t\t\t<\/div>\n\t\t<\/div>\n\t\t\t\t<div class=\"elementor-column elementor-col-50 elementor-top-column elementor-element elementor-element-3bce800\" data-id=\"3bce800\" data-element_type=\"column\" data-e-type=\"column\">\n\t\t\t<div class=\"elementor-widget-wrap elementor-element-populated\">\n\t\t\t\t\t\t<div class=\"elementor-element elementor-element-b28c4ad elementor-nav-menu__align-end elementor-nav-menu--stretch elementor-nav-menu--dropdown-tablet elementor-nav-menu__text-align-aside elementor-nav-menu--toggle elementor-nav-menu--burger elementor-widget elementor-widget-nav-menu\" data-id=\"b28c4ad\" data-element_type=\"widget\" data-e-type=\"widget\" data-settings=\"{&quot;full_width&quot;:&quot;stretch&quot;,&quot;layout&quot;:&quot;horizontal&quot;,&quot;submenu_icon&quot;:{&quot;value&quot;:&quot;&lt;svg class=\\&quot;e-font-icon-svg e-fas-caret-down\\&quot; viewBox=\\&quot;0 0 320 512\\&quot; xmlns=\\&quot;http:\\\/\\\/www.w3.org\\\/2000\\\/svg\\&quot;&gt;&lt;path d=\\&quot;M31.3 192h257.3c17.8 0 26.7 21.5 14.1 34.1L174.1 354.8c-7.8 7.8-20.5 7.8-28.3 0L17.2 226.1C4.6 213.5 13.5 192 31.3 192z\\&quot;&gt;&lt;\\\/path&gt;&lt;\\\/svg&gt;&quot;,&quot;library&quot;:&quot;fa-solid&quot;},&quot;toggle&quot;:&quot;burger&quot;}\" data-widget_type=\"nav-menu.default\">\n\t\t\t\t<div class=\"elementor-widget-container\">\n\t\t\t\t\t\t\t\t<nav aria-label=\"Men\u00fc\" class=\"elementor-nav-menu--main elementor-nav-menu__container elementor-nav-menu--layout-horizontal e--pointer-none\">\n\t\t\t\t<ul id=\"menu-1-b28c4ad\" class=\"elementor-nav-menu\"><li class=\"menu-item menu-item-type-custom menu-item-object-custom menu-item-home menu-item-19\"><a href=\"https:\/\/www.wellharmony.ch\/\" class=\"elementor-item\">Welcome<\/a><\/li>\n<li class=\"menu-item menu-item-type-post_type menu-item-object-page menu-item-1755\"><a href=\"https:\/\/www.wellharmony.ch\/index.php\/coaching\/\" class=\"elementor-item\">Aufbruch-Begleitung<\/a><\/li>\n<li class=\"menu-item menu-item-type-post_type menu-item-object-page menu-item-1757\"><a href=\"https:\/\/www.wellharmony.ch\/index.php\/familienstellen\/\" class=\"elementor-item\">Familienstellen<\/a><\/li>\n<li class=\"menu-item menu-item-type-post_type menu-item-object-page menu-item-1756\"><a href=\"https:\/\/www.wellharmony.ch\/index.php\/maltherapie\/\" class=\"elementor-item\">Intuitives Malen<\/a><\/li>\n<li class=\"menu-item menu-item-type-post_type menu-item-object-page menu-item-1758\"><a href=\"https:\/\/www.wellharmony.ch\/index.php\/feng-shui\/\" class=\"elementor-item\">Feng Shui<\/a><\/li>\n<li class=\"menu-item menu-item-type-post_type menu-item-object-page menu-item-1760\"><a href=\"https:\/\/www.wellharmony.ch\/index.php\/colleen\/\" class=\"elementor-item\">Colleen<\/a><\/li>\n<li class=\"menu-item menu-item-type-post_type menu-item-object-page menu-item-1753\"><a href=\"https:\/\/www.wellharmony.ch\/index.php\/feedbacks\/\" class=\"elementor-item\">Testimonials<\/a><\/li>\n<li class=\"menu-item menu-item-type-post_type menu-item-object-page menu-item-1754\"><a href=\"https:\/\/www.wellharmony.ch\/index.php\/kontakt\/\" class=\"elementor-item\">Kontakt<\/a><\/li>\n<\/ul>\t\t\t<\/nav>\n\t\t\t\t\t<div class=\"elementor-menu-toggle\" role=\"button\" tabindex=\"0\" aria-label=\"Men\u00fc Umschalter\" aria-expanded=\"false\">\n\t\t\t<svg aria-hidden=\"true\" role=\"presentation\" class=\"elementor-menu-toggle__icon--open e-font-icon-svg e-eicon-menu-bar\" viewBox=\"0 0 1000 1000\" xmlns=\"http:\/\/www.w3.org\/2000\/svg\"><path d=\"M104 333H896C929 333 958 304 958 271S929 208 896 208H104C71 208 42 237 42 271S71 333 104 333ZM104 583H896C929 583 958 554 958 521S929 458 896 458H104C71 458 42 487 42 521S71 583 104 583ZM104 833H896C929 833 958 804 958 771S929 708 896 708H104C71 708 42 737 42 771S71 833 104 833Z\"><\/path><\/svg><svg aria-hidden=\"true\" role=\"presentation\" class=\"elementor-menu-toggle__icon--close e-font-icon-svg e-eicon-close\" viewBox=\"0 0 1000 1000\" xmlns=\"http:\/\/www.w3.org\/2000\/svg\"><path d=\"M742 167L500 408 258 167C246 154 233 150 217 150 196 150 179 158 167 167 154 179 150 196 150 212 150 229 154 242 171 254L408 500 167 742C138 771 138 800 167 829 196 858 225 858 254 829L496 587 738 829C750 842 767 846 783 846 800 846 817 842 829 829 842 817 846 804 846 783 846 767 842 750 829 737L588 500 833 258C863 229 863 200 833 171 804 137 775 137 742 167Z\"><\/path><\/svg>\t\t<\/div>\n\t\t\t\t\t<nav class=\"elementor-nav-menu--dropdown elementor-nav-menu__container\" aria-hidden=\"true\">\n\t\t\t\t<ul id=\"menu-2-b28c4ad\" class=\"elementor-nav-menu\"><li class=\"menu-item menu-item-type-custom menu-item-object-custom menu-item-home menu-item-19\"><a href=\"https:\/\/www.wellharmony.ch\/\" class=\"elementor-item\" tabindex=\"-1\">Welcome<\/a><\/li>\n<li class=\"menu-item menu-item-type-post_type menu-item-object-page menu-item-1755\"><a href=\"https:\/\/www.wellharmony.ch\/index.php\/coaching\/\" class=\"elementor-item\" tabindex=\"-1\">Aufbruch-Begleitung<\/a><\/li>\n<li class=\"menu-item menu-item-type-post_type menu-item-object-page menu-item-1757\"><a href=\"https:\/\/www.wellharmony.ch\/index.php\/familienstellen\/\" class=\"elementor-item\" tabindex=\"-1\">Familienstellen<\/a><\/li>\n<li class=\"menu-item menu-item-type-post_type menu-item-object-page menu-item-1756\"><a href=\"https:\/\/www.wellharmony.ch\/index.php\/maltherapie\/\" class=\"elementor-item\" tabindex=\"-1\">Intuitives Malen<\/a><\/li>\n<li class=\"menu-item menu-item-type-post_type menu-item-object-page menu-item-1758\"><a href=\"https:\/\/www.wellharmony.ch\/index.php\/feng-shui\/\" class=\"elementor-item\" tabindex=\"-1\">Feng Shui<\/a><\/li>\n<li class=\"menu-item menu-item-type-post_type menu-item-object-page menu-item-1760\"><a href=\"https:\/\/www.wellharmony.ch\/index.php\/colleen\/\" class=\"elementor-item\" tabindex=\"-1\">Colleen<\/a><\/li>\n<li class=\"menu-item menu-item-type-post_type menu-item-object-page menu-item-1753\"><a href=\"https:\/\/www.wellharmony.ch\/index.php\/feedbacks\/\" class=\"elementor-item\" tabindex=\"-1\">Testimonials<\/a><\/li>\n<li class=\"menu-item menu-item-type-post_type menu-item-object-page menu-item-1754\"><a href=\"https:\/\/www.wellharmony.ch\/index.php\/kontakt\/\" class=\"elementor-item\" tabindex=\"-1\">Kontakt<\/a><\/li>\n<\/ul>\t\t\t<\/nav>\n\t\t\t\t\t\t<\/div>\n\t\t\t\t<\/div>\n\t\t\t\t\t<\/div>\n\t\t<\/div>\n\t\t\t\t\t<\/div>\n\t\t<\/header>\n\t\t\t\t<section class=\"elementor-section elementor-top-section elementor-element elementor-element-5c2c331 elementor-section-height-min-height elementor-section-boxed elementor-section-height-default elementor-section-items-middle\" data-id=\"5c2c331\" data-element_type=\"section\" data-e-type=\"section\" data-settings=\"{&quot;background_background&quot;:&quot;gradient&quot;}\">\n\t\t\t\t\t\t\t<div class=\"elementor-background-overlay\"><\/div>\n\t\t\t\t\t\t\t<div class=\"elementor-container elementor-column-gap-default\">\n\t\t\t\t\t<div class=\"elementor-column elementor-col-100 elementor-top-column elementor-element elementor-element-41fa4d1\" data-id=\"41fa4d1\" data-element_type=\"column\" data-e-type=\"column\">\n\t\t\t<div class=\"elementor-widget-wrap elementor-element-populated\">\n\t\t\t\t\t\t<section class=\"elementor-section elementor-inner-section elementor-element elementor-element-50aebb5 elementor-section-boxed elementor-section-height-default elementor-section-height-default\" data-id=\"50aebb5\" data-element_type=\"section\" data-e-type=\"section\" data-settings=\"{&quot;background_background&quot;:&quot;classic&quot;}\">\n\t\t\t\t\t\t<div class=\"elementor-container elementor-column-gap-default\">\n\t\t\t\t\t<div class=\"elementor-column elementor-col-50 elementor-inner-column elementor-element elementor-element-40ec824\" data-id=\"40ec824\" data-element_type=\"column\" data-e-type=\"column\">\n\t\t\t<div class=\"elementor-widget-wrap elementor-element-populated\">\n\t\t\t\t\t\t<div class=\"elementor-element elementor-element-cc0e75b animated-slow elementor-invisible elementor-widget elementor-widget-heading\" data-id=\"cc0e75b\" data-element_type=\"widget\" data-e-type=\"widget\" data-settings=\"{&quot;_animation&quot;:&quot;fadeIn&quot;}\" data-widget_type=\"heading.default\">\n\t\t\t\t<div class=\"elementor-widget-container\">\n\t\t\t\t\t<h1 class=\"elementor-heading-title elementor-size-default\">Familienstellen<\/h1>\t\t\t\t<\/div>\n\t\t\t\t<\/div>\n\t\t\t\t<div class=\"elementor-element elementor-element-87fa1e1 elementor-invisible elementor-widget elementor-widget-text-editor\" data-id=\"87fa1e1\" data-element_type=\"widget\" data-e-type=\"widget\" data-settings=\"{&quot;_animation&quot;:&quot;fadeIn&quot;}\" data-widget_type=\"text-editor.default\">\n\t\t\t\t<div class=\"elementor-widget-container\">\n\t\t\t\t\t\t\t\t\t<p>Immer wieder erlebe ich bei meinen Klienten totale Hilflosigkeit und \u00dcberforderung, weil sie von ihrer Familiengeschichte unterschwellig gepr\u00e4gt wurden.<\/p><p>Sie harren in Situationen aus, welche schon lange untragbar sind. Verzweifelt suchen sie nach L\u00f6sungen, doch nichts scheint wirklich zu fruchten.<\/p><p>Stellen sie dann ihre Familie auf, kommt oftmals unglaublich Tragisches zum Vorschein. Fr\u00fcher wurde geschwiegen und erduldet. Traumatisches oder Belastendes bekam keine Chance aufgel\u00f6st zu werden.<br \/>Die Nachkommen nehmen die Last auf sich und geraten in Situationen, denen sie hilflos ausgeliefert sind.<br \/>Wird die Blockade \u00fcber eine Aufstellung erkannt und geheilt, entspannt sich alles und die betroffene Person kehrt erleichtert nach Hause zur\u00fcck.<br \/>Das Kind &#8211; auch als erwachsene Person &#8211; muss nicht mehr \u00fcber sein Verhalten auf Erblasten aufmerksam machen und kann somit nun seinen eigenen Weg gehen.\u00a0<\/p><p>In Familiensystemen wirken universelle Gesetzm\u00e4ssigkeiten, die als \u00abOrdnung der Liebe\u00bb gelten. Diese verborgenen Ebenen wirken unabh\u00e4ngig von unserem bewussten Wollen und Wissen, haben aber meist tiefgreifende Auswirkungen auf unser Leben.<\/p>\t\t\t\t\t\t\t\t<\/div>\n\t\t\t\t<\/div>\n\t\t\t\t\t<\/div>\n\t\t<\/div>\n\t\t\t\t<div class=\"elementor-column elementor-col-50 elementor-inner-column elementor-element elementor-element-a0153bd\" data-id=\"a0153bd\" data-element_type=\"column\" data-e-type=\"column\">\n\t\t\t<div class=\"elementor-widget-wrap elementor-element-populated\">\n\t\t\t\t\t\t<div class=\"elementor-element elementor-element-5a0e4cf elementor-invisible elementor-widget elementor-widget-text-editor\" data-id=\"5a0e4cf\" data-element_type=\"widget\" data-e-type=\"widget\" data-settings=\"{&quot;_animation&quot;:&quot;fadeIn&quot;}\" data-widget_type=\"text-editor.default\">\n\t\t\t\t<div class=\"elementor-widget-container\">\n\t\t\t\t\t\t\t\t\t<p>Das Nachstellen von Herkunftsfamilien (Eltern, Grosseltern, Urgrosseltern) oder jetzigen Familien, bringt in erstaunlich kurzer Zeit wertvolle Einsichten. \u2028Das Aufstellen erm\u00f6glicht es, Zusammenh\u00e4nge aus alten Verstrickungen bewusst zu machen und nachhaltig zu ver\u00e4ndern.<\/p>\t\t\t\t\t\t\t\t<\/div>\n\t\t\t\t<\/div>\n\t\t\t\t<div class=\"elementor-element elementor-element-6d78412 elementor-arrows-position-inside elementor-pagination-position-outside elementor-widget elementor-widget-image-carousel\" data-id=\"6d78412\" data-element_type=\"widget\" data-e-type=\"widget\" data-settings=\"{&quot;slides_to_show&quot;:&quot;1&quot;,&quot;navigation&quot;:&quot;both&quot;,&quot;autoplay&quot;:&quot;yes&quot;,&quot;pause_on_hover&quot;:&quot;yes&quot;,&quot;pause_on_interaction&quot;:&quot;yes&quot;,&quot;autoplay_speed&quot;:5000,&quot;infinite&quot;:&quot;yes&quot;,&quot;effect&quot;:&quot;slide&quot;,&quot;speed&quot;:500}\" data-widget_type=\"image-carousel.default\">\n\t\t\t\t<div class=\"elementor-widget-container\">\n\t\t\t\t\t\t\t<div class=\"elementor-image-carousel-wrapper swiper\" role=\"region\" aria-roledescription=\"carousel\" aria-label=\"Bild Karussell\" dir=\"ltr\">\n\t\t\t<div class=\"elementor-image-carousel swiper-wrapper\" aria-live=\"off\">\n\t\t\t\t\t\t\t\t<div class=\"swiper-slide\" role=\"group\" aria-roledescription=\"slide\" aria-label=\"1 von 5\"><a data-elementor-open-lightbox=\"yes\" data-elementor-lightbox-slideshow=\"6d78412\" data-elementor-lightbox-title=\"Stellen 1\" data-e-action-hash=\"#elementor-action%3Aaction%3Dlightbox%26settings%3DeyJpZCI6MTY3NCwidXJsIjoiaHR0cHM6XC9cL3d3dy53ZWxsaGFybW9ueS5jaFwvd3AtY29udGVudFwvdXBsb2Fkc1wvMjAyMlwvMDNcL1N0ZWxsZW4tMS5qcGciLCJzbGlkZXNob3ciOiI2ZDc4NDEyIn0%3D\" href=\"https:\/\/www.wellharmony.ch\/wp-content\/uploads\/2022\/03\/Stellen-1.jpg\"><figure class=\"swiper-slide-inner\"><img decoding=\"async\" class=\"swiper-slide-image\" src=\"https:\/\/www.wellharmony.ch\/wp-content\/uploads\/2022\/03\/Stellen-1-768x768.jpg\" alt=\"Stellen 1\" \/><\/figure><\/a><\/div><div class=\"swiper-slide\" role=\"group\" aria-roledescription=\"slide\" aria-label=\"2 von 5\"><a data-elementor-open-lightbox=\"yes\" data-elementor-lightbox-slideshow=\"6d78412\" data-elementor-lightbox-title=\"Stellen 2\" data-e-action-hash=\"#elementor-action%3Aaction%3Dlightbox%26settings%3DeyJpZCI6MTY3NSwidXJsIjoiaHR0cHM6XC9cL3d3dy53ZWxsaGFybW9ueS5jaFwvd3AtY29udGVudFwvdXBsb2Fkc1wvMjAyMlwvMDNcL1N0ZWxsZW4tMi5qcGciLCJzbGlkZXNob3ciOiI2ZDc4NDEyIn0%3D\" href=\"https:\/\/www.wellharmony.ch\/wp-content\/uploads\/2022\/03\/Stellen-2.jpg\"><figure class=\"swiper-slide-inner\"><img decoding=\"async\" class=\"swiper-slide-image\" src=\"https:\/\/www.wellharmony.ch\/wp-content\/uploads\/2022\/03\/Stellen-2-768x768.jpg\" alt=\"Stellen 2\" \/><\/figure><\/a><\/div><div class=\"swiper-slide\" role=\"group\" aria-roledescription=\"slide\" aria-label=\"3 von 5\"><a data-elementor-open-lightbox=\"yes\" data-elementor-lightbox-slideshow=\"6d78412\" data-elementor-lightbox-title=\"Stellen 3\" data-e-action-hash=\"#elementor-action%3Aaction%3Dlightbox%26settings%3DeyJpZCI6MTY3NiwidXJsIjoiaHR0cHM6XC9cL3d3dy53ZWxsaGFybW9ueS5jaFwvd3AtY29udGVudFwvdXBsb2Fkc1wvMjAyMlwvMDNcL1N0ZWxsZW4tMy5qcGciLCJzbGlkZXNob3ciOiI2ZDc4NDEyIn0%3D\" href=\"https:\/\/www.wellharmony.ch\/wp-content\/uploads\/2022\/03\/Stellen-3.jpg\"><figure class=\"swiper-slide-inner\"><img decoding=\"async\" class=\"swiper-slide-image\" src=\"https:\/\/www.wellharmony.ch\/wp-content\/uploads\/2022\/03\/Stellen-3-768x768.jpg\" alt=\"Stellen 3\" \/><\/figure><\/a><\/div><div class=\"swiper-slide\" role=\"group\" aria-roledescription=\"slide\" aria-label=\"4 von 5\"><a data-elementor-open-lightbox=\"yes\" data-elementor-lightbox-slideshow=\"6d78412\" data-elementor-lightbox-title=\"Stellen 4\" data-e-action-hash=\"#elementor-action%3Aaction%3Dlightbox%26settings%3DeyJpZCI6MTY3NywidXJsIjoiaHR0cHM6XC9cL3d3dy53ZWxsaGFybW9ueS5jaFwvd3AtY29udGVudFwvdXBsb2Fkc1wvMjAyMlwvMDNcL1N0ZWxsZW4tNC5qcGciLCJzbGlkZXNob3ciOiI2ZDc4NDEyIn0%3D\" href=\"https:\/\/www.wellharmony.ch\/wp-content\/uploads\/2022\/03\/Stellen-4.jpg\"><figure class=\"swiper-slide-inner\"><img decoding=\"async\" class=\"swiper-slide-image\" src=\"https:\/\/www.wellharmony.ch\/wp-content\/uploads\/2022\/03\/Stellen-4-768x768.jpg\" alt=\"Stellen 4\" \/><\/figure><\/a><\/div><div class=\"swiper-slide\" role=\"group\" aria-roledescription=\"slide\" aria-label=\"5 von 5\"><a data-elementor-open-lightbox=\"yes\" data-elementor-lightbox-slideshow=\"6d78412\" data-elementor-lightbox-title=\"Stellen 5\" data-e-action-hash=\"#elementor-action%3Aaction%3Dlightbox%26settings%3DeyJpZCI6MTY3OCwidXJsIjoiaHR0cHM6XC9cL3d3dy53ZWxsaGFybW9ueS5jaFwvd3AtY29udGVudFwvdXBsb2Fkc1wvMjAyMlwvMDNcL1N0ZWxsZW4tNS5qcGciLCJzbGlkZXNob3ciOiI2ZDc4NDEyIn0%3D\" href=\"https:\/\/www.wellharmony.ch\/wp-content\/uploads\/2022\/03\/Stellen-5.jpg\"><figure class=\"swiper-slide-inner\"><img decoding=\"async\" class=\"swiper-slide-image\" src=\"https:\/\/www.wellharmony.ch\/wp-content\/uploads\/2022\/03\/Stellen-5-768x768.jpg\" alt=\"Stellen 5\" \/><\/figure><\/a><\/div>\t\t\t<\/div>\n\t\t\t\t\t\t\t\t\t\t\t\t<div class=\"elementor-swiper-button elementor-swiper-button-prev\" role=\"button\" tabindex=\"0\">\n\t\t\t\t\t\t<svg aria-hidden=\"true\" class=\"e-font-icon-svg e-eicon-chevron-left\" viewBox=\"0 0 1000 1000\" xmlns=\"http:\/\/www.w3.org\/2000\/svg\"><path d=\"M646 125C629 125 613 133 604 142L308 442C296 454 292 471 292 487 292 504 296 521 308 533L604 854C617 867 629 875 646 875 663 875 679 871 692 858 704 846 713 829 713 812 713 796 708 779 692 767L438 487 692 225C700 217 708 204 708 187 708 171 704 154 692 142 675 129 663 125 646 125Z\"><\/path><\/svg>\t\t\t\t\t<\/div>\n\t\t\t\t\t<div class=\"elementor-swiper-button elementor-swiper-button-next\" role=\"button\" tabindex=\"0\">\n\t\t\t\t\t\t<svg aria-hidden=\"true\" class=\"e-font-icon-svg e-eicon-chevron-right\" viewBox=\"0 0 1000 1000\" xmlns=\"http:\/\/www.w3.org\/2000\/svg\"><path d=\"M696 533C708 521 713 504 713 487 713 471 708 454 696 446L400 146C388 133 375 125 354 125 338 125 325 129 313 142 300 154 292 171 292 187 292 204 296 221 308 233L563 492 304 771C292 783 288 800 288 817 288 833 296 850 308 863 321 871 338 875 354 875 371 875 388 867 400 854L696 533Z\"><\/path><\/svg>\t\t\t\t\t<\/div>\n\t\t\t\t\n\t\t\t\t\t\t\t\t\t<div class=\"swiper-pagination\"><\/div>\n\t\t\t\t\t\t\t\t\t<\/div>\n\t\t\t\t\t\t<\/div>\n\t\t\t\t<\/div>\n\t\t\t\t<div class=\"elementor-element elementor-element-4b2c72f elementor-widget-divider--separator-type-pattern elementor-widget-divider--no-spacing elementor-widget-divider--view-line elementor-widget elementor-widget-divider\" data-id=\"4b2c72f\" data-element_type=\"widget\" data-e-type=\"widget\" data-widget_type=\"divider.default\">\n\t\t\t\t<div class=\"elementor-widget-container\">\n\t\t\t\t\t\t\t<div class=\"elementor-divider\" style=\"--divider-pattern-url: url(&quot;data:image\/svg+xml,%3Csvg xmlns=&#039;http:\/\/www.w3.org\/2000\/svg&#039; preserveAspectRatio=&#039;xMidYMid meet&#039; overflow=&#039;visible&#039; height=&#039;100%&#039; viewBox=&#039;0 0 120 26&#039; fill=&#039;black&#039; stroke=&#039;none&#039;%3E%3Cpolygon points=&#039;0,14.4 0,21 11.5,12.4 21.3,20 30.4,11.1 40.3,20 51,12.4 60.6,20 69.6,11.1 79.3,20 90.1,12.4 99.6,20 109.7,11.1 120,21 120,14.4 109.7,5 99.6,13 90.1,5 79.3,14.5 71,5.7 60.6,12.4 51,5 40.3,14.5 31.1,5 21.3,13 11.5,5 \t&#039;\/%3E%3C\/svg%3E&quot;);\">\n\t\t\t<span class=\"elementor-divider-separator\">\n\t\t\t\t\t\t<\/span>\n\t\t<\/div>\n\t\t\t\t\t\t<\/div>\n\t\t\t\t<\/div>\n\t\t\t\t<div class=\"elementor-element elementor-element-61bfba8 elementor-invisible elementor-widget elementor-widget-text-editor\" data-id=\"61bfba8\" data-element_type=\"widget\" data-e-type=\"widget\" data-settings=\"{&quot;_animation&quot;:&quot;fadeIn&quot;}\" data-widget_type=\"text-editor.default\">\n\t\t\t\t<div class=\"elementor-widget-container\">\n\t\t\t\t\t\t\t\t\t<p>Familienstellen in der Gruppe finden mit wenigen Ausnahmen in Elgg statt.<\/p><p><a href=\"https:\/\/calendly.com\/wellharmony\/familienstellen-in-der-gruppe?month=2024-07\"><b>Anmeldung f\u00fcr eine Teilnahme in der Gruppe, in einer pers\u00f6nlichen Aufstellung oder als Stellvertreter <br \/>(hier klicken)<\/b><\/a><\/p><p>Familienstellen in Einzelsitzungen <u>finden<\/u> entweder in Elgg oder Online statt.<\/p><p class=\"p1\"><a href=\"https:\/\/calendly.com\/wellharmony\/familienstellen-mit-figuren\"><strong>Familienstellen mit Stellvertreterfiguren in Einzelsitzungen <br \/>(hier klicken)<\/strong><\/a><\/p><p>Die Diskretion ist auch bei Gruppenarbeit selbstverst\u00e4ndlich, die Schweigepflicht immer garantiert.<\/p>\t\t\t\t\t\t\t\t<\/div>\n\t\t\t\t<\/div>\n\t\t\t\t<div class=\"elementor-element elementor-element-1a1b1c9 elementor-invisible elementor-widget elementor-widget-text-editor\" data-id=\"1a1b1c9\" data-element_type=\"widget\" data-e-type=\"widget\" data-settings=\"{&quot;_animation&quot;:&quot;fadeIn&quot;}\" data-widget_type=\"text-editor.default\">\n\t\t\t\t<div class=\"elementor-widget-container\">\n\t\t\t\t\t\t\t\t\t<p><strong>Wellharmony \u2013 dein Schritt ins Gl\u00fcck.<\/strong><\/p>\t\t\t\t\t\t\t\t<\/div>\n\t\t\t\t<\/div>\n\t\t\t\t\t<\/div>\n\t\t<\/div>\n\t\t\t\t\t<\/div>\n\t\t<\/section>\n\t\t\t\t\t<\/div>\n\t\t<\/div>\n\t\t\t\t\t<\/div>\n\t\t<\/section>\n\t\t\t\t<section class=\"elementor-section elementor-top-section elementor-element elementor-element-7f6711b elementor-section-boxed elementor-section-height-default elementor-section-height-default\" data-id=\"7f6711b\" data-element_type=\"section\" data-e-type=\"section\" data-settings=\"{&quot;background_background&quot;:&quot;classic&quot;}\">\n\t\t\t\t\t\t<div class=\"elementor-container elementor-column-gap-default\">\n\t\t\t\t\t<div class=\"elementor-column elementor-col-100 elementor-top-column elementor-element elementor-element-b64a8e0\" data-id=\"b64a8e0\" data-element_type=\"column\" data-e-type=\"column\">\n\t\t\t<div class=\"elementor-widget-wrap elementor-element-populated\">\n\t\t\t\t\t\t<div class=\"elementor-element elementor-element-d853ac2 elementor-shape-rounded elementor-grid-0 e-grid-align-center elementor-widget elementor-widget-social-icons\" data-id=\"d853ac2\" data-element_type=\"widget\" data-e-type=\"widget\" data-widget_type=\"social-icons.default\">\n\t\t\t\t<div class=\"elementor-widget-container\">\n\t\t\t\t\t\t\t<div class=\"elementor-social-icons-wrapper elementor-grid\">\n\t\t\t\t\t\t\t<span class=\"elementor-grid-item\">\n\t\t\t\t\t<a class=\"elementor-icon elementor-social-icon elementor-social-icon-calendar-alt elementor-repeater-item-959331d\" href=\"https:\/\/calendly.com\/wellharmony\/\" target=\"_blank\">\n\t\t\t\t\t\t<span class=\"elementor-screen-only\">Calendar-alt<\/span>\n\t\t\t\t\t\t<svg aria-hidden=\"true\" class=\"e-font-icon-svg e-fas-calendar-alt\" viewBox=\"0 0 448 512\" xmlns=\"http:\/\/www.w3.org\/2000\/svg\"><path d=\"M0 464c0 26.5 21.5 48 48 48h352c26.5 0 48-21.5 48-48V192H0v272zm320-196c0-6.6 5.4-12 12-12h40c6.6 0 12 5.4 12 12v40c0 6.6-5.4 12-12 12h-40c-6.6 0-12-5.4-12-12v-40zm0 128c0-6.6 5.4-12 12-12h40c6.6 0 12 5.4 12 12v40c0 6.6-5.4 12-12 12h-40c-6.6 0-12-5.4-12-12v-40zM192 268c0-6.6 5.4-12 12-12h40c6.6 0 12 5.4 12 12v40c0 6.6-5.4 12-12 12h-40c-6.6 0-12-5.4-12-12v-40zm0 128c0-6.6 5.4-12 12-12h40c6.6 0 12 5.4 12 12v40c0 6.6-5.4 12-12 12h-40c-6.6 0-12-5.4-12-12v-40zM64 268c0-6.6 5.4-12 12-12h40c6.6 0 12 5.4 12 12v40c0 6.6-5.4 12-12 12H76c-6.6 0-12-5.4-12-12v-40zm0 128c0-6.6 5.4-12 12-12h40c6.6 0 12 5.4 12 12v40c0 6.6-5.4 12-12 12H76c-6.6 0-12-5.4-12-12v-40zM400 64h-48V16c0-8.8-7.2-16-16-16h-32c-8.8 0-16 7.2-16 16v48H160V16c0-8.8-7.2-16-16-16h-32c-8.8 0-16 7.2-16 16v48H48C21.5 64 0 85.5 0 112v48h448v-48c0-26.5-21.5-48-48-48z\"><\/path><\/svg>\t\t\t\t\t<\/a>\n\t\t\t\t<\/span>\n\t\t\t\t\t<\/div>\n\t\t\t\t\t\t<\/div>\n\t\t\t\t<\/div>\n\t\t\t\t<div class=\"elementor-element elementor-element-756b983 elementor-widget elementor-widget-text-editor\" data-id=\"756b983\" data-element_type=\"widget\" data-e-type=\"widget\" data-widget_type=\"text-editor.default\">\n\t\t\t\t<div class=\"elementor-widget-container\">\n\t\t\t\t\t\t\t\t\t<p>Veranstaltungen &amp; Preise<\/p>\t\t\t\t\t\t\t\t<\/div>\n\t\t\t\t<\/div>\n\t\t\t\t\t<\/div>\n\t\t<\/div>\n\t\t\t\t\t<\/div>\n\t\t<\/section>\n\t\t\t\t<\/div>\n\t\t","protected":false},"excerpt":{"rendered":"<p>Familienstellen Immer wieder erlebe ich bei meinen Klienten totale Hilflosigkeit und \u00dcberforderung, weil sie von ihrer Familiengeschichte unterschwellig gepr\u00e4gt wurden. Sie harren in Situationen aus, welche schon lange untragbar sind. Verzweifelt suchen sie nach L\u00f6sungen, doch nichts scheint wirklich zu fruchten. Stellen sie dann ihre Familie auf, kommt oftmals unglaublich Tragisches zum Vorschein. Fr\u00fcher wurde [&hellip;]<\/p>\n","protected":false},"author":1,"featured_media":0,"parent":0,"menu_order":0,"comment_status":"closed","ping_status":"closed","template":"elementor_canvas","meta":{"footnotes":""},"class_list":["post-319","page","type-page","status-publish","hentry"],"_links":{"self":[{"href":"https:\/\/www.wellharmony.ch\/index.php\/wp-json\/wp\/v2\/pages\/319","targetHints":{"allow":["GET"]}}],"collection":[{"href":"https:\/\/www.wellharmony.ch\/index.php\/wp-json\/wp\/v2\/pages"}],"about":[{"href":"https:\/\/www.wellharmony.ch\/index.php\/wp-json\/wp\/v2\/types\/page"}],"author":[{"embeddable":true,"href":"https:\/\/www.wellharmony.ch\/index.php\/wp-json\/wp\/v2\/users\/1"}],"replies":[{"embeddable":true,"href":"https:\/\/www.wellharmony.ch\/index.php\/wp-json\/wp\/v2\/comments?post=319"}],"version-history":[{"count":161,"href":"https:\/\/www.wellharmony.ch\/index.php\/wp-json\/wp\/v2\/pages\/319\/revisions"}],"predecessor-version":[{"id":3028,"href":"https:\/\/www.wellharmony.ch\/index.php\/wp-json\/wp\/v2\/pages\/319\/revisions\/3028"}],"wp:attachment":[{"href":"https:\/\/www.wellharmony.ch\/index.php\/wp-json\/wp\/v2\/media?parent=319"}],"curies":[{"name":"wp","href":"https:\/\/api.w.org\/{rel}","templated":true}]}}