{"id":1546,"date":"2022-02-28T14:23:32","date_gmt":"2022-02-28T14:23:32","guid":{"rendered":"https:\/\/wellharmony.me\/wp\/?page_id=1546"},"modified":"2024-04-30T14:08:25","modified_gmt":"2024-04-30T14:08:25","slug":"colleen","status":"publish","type":"page","link":"https:\/\/www.wellharmony.ch\/index.php\/colleen\/","title":{"rendered":"Colleen"},"content":{"rendered":"\t\t<div data-elementor-type=\"wp-page\" data-elementor-id=\"1546\" class=\"elementor elementor-1546\" data-elementor-post-type=\"page\">\n\t\t\t\t\t\t<header class=\"elementor-section elementor-top-section elementor-element elementor-element-5e1c6c9 elementor-section-content-middle elementor-section-height-min-height elementor-section-full_width elementor-section-height-default elementor-section-items-middle\" data-id=\"5e1c6c9\" data-element_type=\"section\" data-e-type=\"section\" data-settings=\"{&quot;background_background&quot;:&quot;classic&quot;}\">\n\t\t\t\t\t\t<div class=\"elementor-container elementor-column-gap-no\">\n\t\t\t\t\t<div class=\"elementor-column elementor-col-25 elementor-top-column elementor-element elementor-element-b1317ed\" data-id=\"b1317ed\" data-element_type=\"column\" data-e-type=\"column\">\n\t\t\t<div class=\"elementor-widget-wrap elementor-element-populated\">\n\t\t\t\t\t\t<div class=\"elementor-element elementor-element-e3bb3a1 elementor-widget elementor-widget-image\" data-id=\"e3bb3a1\" data-element_type=\"widget\" data-e-type=\"widget\" data-widget_type=\"image.default\">\n\t\t\t\t<div class=\"elementor-widget-container\">\n\t\t\t\t\t\t\t\t\t\t\t\t\t\t\t<img fetchpriority=\"high\" decoding=\"async\" width=\"573\" height=\"124\" src=\"https:\/\/www.wellharmony.ch\/wp-content\/uploads\/2024\/04\/Logo-by-colleen2024weiss.png\" class=\"attachment-large size-large wp-image-2958\" alt=\"\" srcset=\"https:\/\/www.wellharmony.ch\/wp-content\/uploads\/2024\/04\/Logo-by-colleen2024weiss.png 573w, https:\/\/www.wellharmony.ch\/wp-content\/uploads\/2024\/04\/Logo-by-colleen2024weiss-300x65.png 300w\" sizes=\"(max-width: 573px) 100vw, 573px\" \/>\t\t\t\t\t\t\t\t\t\t\t\t\t\t\t<\/div>\n\t\t\t\t<\/div>\n\t\t\t\t\t<\/div>\n\t\t<\/div>\n\t\t\t\t<div class=\"elementor-column elementor-col-50 elementor-top-column elementor-element elementor-element-68c1ec7\" data-id=\"68c1ec7\" data-element_type=\"column\" data-e-type=\"column\">\n\t\t\t<div class=\"elementor-widget-wrap elementor-element-populated\">\n\t\t\t\t\t\t<div class=\"elementor-element elementor-element-e7f582d elementor-nav-menu__align-end elementor-nav-menu--stretch elementor-nav-menu--dropdown-tablet elementor-nav-menu__text-align-aside elementor-nav-menu--toggle elementor-nav-menu--burger elementor-widget elementor-widget-nav-menu\" data-id=\"e7f582d\" data-element_type=\"widget\" data-e-type=\"widget\" data-settings=\"{&quot;full_width&quot;:&quot;stretch&quot;,&quot;layout&quot;:&quot;horizontal&quot;,&quot;submenu_icon&quot;:{&quot;value&quot;:&quot;&lt;svg class=\\&quot;e-font-icon-svg e-fas-caret-down\\&quot; viewBox=\\&quot;0 0 320 512\\&quot; xmlns=\\&quot;http:\\\/\\\/www.w3.org\\\/2000\\\/svg\\&quot;&gt;&lt;path d=\\&quot;M31.3 192h257.3c17.8 0 26.7 21.5 14.1 34.1L174.1 354.8c-7.8 7.8-20.5 7.8-28.3 0L17.2 226.1C4.6 213.5 13.5 192 31.3 192z\\&quot;&gt;&lt;\\\/path&gt;&lt;\\\/svg&gt;&quot;,&quot;library&quot;:&quot;fa-solid&quot;},&quot;toggle&quot;:&quot;burger&quot;}\" data-widget_type=\"nav-menu.default\">\n\t\t\t\t<div class=\"elementor-widget-container\">\n\t\t\t\t\t\t\t\t<nav aria-label=\"Men\u00fc\" class=\"elementor-nav-menu--main elementor-nav-menu__container elementor-nav-menu--layout-horizontal e--pointer-none\">\n\t\t\t\t<ul id=\"menu-1-e7f582d\" class=\"elementor-nav-menu\"><li class=\"menu-item menu-item-type-custom menu-item-object-custom menu-item-home menu-item-19\"><a href=\"https:\/\/www.wellharmony.ch\/\" class=\"elementor-item\">Welcome<\/a><\/li>\n<li class=\"menu-item menu-item-type-post_type menu-item-object-page menu-item-1755\"><a href=\"https:\/\/www.wellharmony.ch\/index.php\/coaching\/\" class=\"elementor-item\">Aufbruch-Begleitung<\/a><\/li>\n<li class=\"menu-item menu-item-type-post_type menu-item-object-page menu-item-1757\"><a href=\"https:\/\/www.wellharmony.ch\/index.php\/familienstellen\/\" class=\"elementor-item\">Familienstellen<\/a><\/li>\n<li class=\"menu-item menu-item-type-post_type menu-item-object-page menu-item-1756\"><a href=\"https:\/\/www.wellharmony.ch\/index.php\/maltherapie\/\" class=\"elementor-item\">Intuitives Malen<\/a><\/li>\n<li class=\"menu-item menu-item-type-post_type menu-item-object-page menu-item-1758\"><a href=\"https:\/\/www.wellharmony.ch\/index.php\/feng-shui\/\" class=\"elementor-item\">Feng Shui<\/a><\/li>\n<li class=\"menu-item menu-item-type-post_type menu-item-object-page menu-item-1760\"><a href=\"https:\/\/www.wellharmony.ch\/index.php\/colleen\/\" class=\"elementor-item\">Colleen<\/a><\/li>\n<li class=\"menu-item menu-item-type-post_type menu-item-object-page menu-item-1753\"><a href=\"https:\/\/www.wellharmony.ch\/index.php\/feedbacks\/\" class=\"elementor-item\">Testimonials<\/a><\/li>\n<li class=\"menu-item menu-item-type-post_type menu-item-object-page menu-item-1754\"><a href=\"https:\/\/www.wellharmony.ch\/index.php\/kontakt\/\" class=\"elementor-item\">Kontakt<\/a><\/li>\n<\/ul>\t\t\t<\/nav>\n\t\t\t\t\t<div class=\"elementor-menu-toggle\" role=\"button\" tabindex=\"0\" aria-label=\"Men\u00fc Umschalter\" aria-expanded=\"false\">\n\t\t\t<svg aria-hidden=\"true\" role=\"presentation\" class=\"elementor-menu-toggle__icon--open e-font-icon-svg e-eicon-menu-bar\" viewBox=\"0 0 1000 1000\" xmlns=\"http:\/\/www.w3.org\/2000\/svg\"><path d=\"M104 333H896C929 333 958 304 958 271S929 208 896 208H104C71 208 42 237 42 271S71 333 104 333ZM104 583H896C929 583 958 554 958 521S929 458 896 458H104C71 458 42 487 42 521S71 583 104 583ZM104 833H896C929 833 958 804 958 771S929 708 896 708H104C71 708 42 737 42 771S71 833 104 833Z\"><\/path><\/svg><svg aria-hidden=\"true\" role=\"presentation\" class=\"elementor-menu-toggle__icon--close e-font-icon-svg e-eicon-close\" viewBox=\"0 0 1000 1000\" xmlns=\"http:\/\/www.w3.org\/2000\/svg\"><path d=\"M742 167L500 408 258 167C246 154 233 150 217 150 196 150 179 158 167 167 154 179 150 196 150 212 150 229 154 242 171 254L408 500 167 742C138 771 138 800 167 829 196 858 225 858 254 829L496 587 738 829C750 842 767 846 783 846 800 846 817 842 829 829 842 817 846 804 846 783 846 767 842 750 829 737L588 500 833 258C863 229 863 200 833 171 804 137 775 137 742 167Z\"><\/path><\/svg>\t\t<\/div>\n\t\t\t\t\t<nav class=\"elementor-nav-menu--dropdown elementor-nav-menu__container\" aria-hidden=\"true\">\n\t\t\t\t<ul id=\"menu-2-e7f582d\" class=\"elementor-nav-menu\"><li class=\"menu-item menu-item-type-custom menu-item-object-custom menu-item-home menu-item-19\"><a href=\"https:\/\/www.wellharmony.ch\/\" class=\"elementor-item\" tabindex=\"-1\">Welcome<\/a><\/li>\n<li class=\"menu-item menu-item-type-post_type menu-item-object-page menu-item-1755\"><a href=\"https:\/\/www.wellharmony.ch\/index.php\/coaching\/\" class=\"elementor-item\" tabindex=\"-1\">Aufbruch-Begleitung<\/a><\/li>\n<li class=\"menu-item menu-item-type-post_type menu-item-object-page menu-item-1757\"><a href=\"https:\/\/www.wellharmony.ch\/index.php\/familienstellen\/\" class=\"elementor-item\" tabindex=\"-1\">Familienstellen<\/a><\/li>\n<li class=\"menu-item menu-item-type-post_type menu-item-object-page menu-item-1756\"><a href=\"https:\/\/www.wellharmony.ch\/index.php\/maltherapie\/\" class=\"elementor-item\" tabindex=\"-1\">Intuitives Malen<\/a><\/li>\n<li class=\"menu-item menu-item-type-post_type menu-item-object-page menu-item-1758\"><a href=\"https:\/\/www.wellharmony.ch\/index.php\/feng-shui\/\" class=\"elementor-item\" tabindex=\"-1\">Feng Shui<\/a><\/li>\n<li class=\"menu-item menu-item-type-post_type menu-item-object-page menu-item-1760\"><a href=\"https:\/\/www.wellharmony.ch\/index.php\/colleen\/\" class=\"elementor-item\" tabindex=\"-1\">Colleen<\/a><\/li>\n<li class=\"menu-item menu-item-type-post_type menu-item-object-page menu-item-1753\"><a href=\"https:\/\/www.wellharmony.ch\/index.php\/feedbacks\/\" class=\"elementor-item\" tabindex=\"-1\">Testimonials<\/a><\/li>\n<li class=\"menu-item menu-item-type-post_type menu-item-object-page menu-item-1754\"><a href=\"https:\/\/www.wellharmony.ch\/index.php\/kontakt\/\" class=\"elementor-item\" tabindex=\"-1\">Kontakt<\/a><\/li>\n<\/ul>\t\t\t<\/nav>\n\t\t\t\t\t\t<\/div>\n\t\t\t\t<\/div>\n\t\t\t\t\t<\/div>\n\t\t<\/div>\n\t\t\t\t\t<\/div>\n\t\t<\/header>\n\t\t\t\t<section class=\"elementor-section elementor-top-section elementor-element elementor-element-393bb99f elementor-section-height-min-height elementor-section-boxed elementor-section-height-default elementor-section-items-middle\" data-id=\"393bb99f\" data-element_type=\"section\" data-e-type=\"section\" data-settings=\"{&quot;background_background&quot;:&quot;gradient&quot;}\">\n\t\t\t\t\t\t<div class=\"elementor-container elementor-column-gap-default\">\n\t\t\t\t\t<div class=\"elementor-column elementor-col-100 elementor-top-column elementor-element elementor-element-430c3527\" data-id=\"430c3527\" data-element_type=\"column\" data-e-type=\"column\">\n\t\t\t<div class=\"elementor-widget-wrap elementor-element-populated\">\n\t\t\t\t\t\t<section class=\"elementor-section elementor-inner-section elementor-element elementor-element-4c820408 elementor-section-boxed elementor-section-height-default elementor-section-height-default\" data-id=\"4c820408\" data-element_type=\"section\" data-e-type=\"section\" data-settings=\"{&quot;background_background&quot;:&quot;classic&quot;}\">\n\t\t\t\t\t\t<div class=\"elementor-container elementor-column-gap-default\">\n\t\t\t\t\t<div class=\"elementor-column elementor-col-50 elementor-inner-column elementor-element elementor-element-1076a542\" data-id=\"1076a542\" data-element_type=\"column\" data-e-type=\"column\">\n\t\t\t<div class=\"elementor-widget-wrap elementor-element-populated\">\n\t\t\t\t\t\t<div class=\"elementor-element elementor-element-53e9a7c animated-slow elementor-invisible elementor-widget elementor-widget-heading\" data-id=\"53e9a7c\" data-element_type=\"widget\" data-e-type=\"widget\" data-settings=\"{&quot;_animation&quot;:&quot;fadeIn&quot;}\" data-widget_type=\"heading.default\">\n\t\t\t\t<div class=\"elementor-widget-container\">\n\t\t\t\t\t<h1 class=\"elementor-heading-title elementor-size-default\">Colleen  <\/h1>\t\t\t\t<\/div>\n\t\t\t\t<\/div>\n\t\t\t\t<div class=\"elementor-element elementor-element-44498eea elementor-invisible elementor-widget elementor-widget-text-editor\" data-id=\"44498eea\" data-element_type=\"widget\" data-e-type=\"widget\" data-settings=\"{&quot;_animation&quot;:&quot;fadeIn&quot;}\" data-widget_type=\"text-editor.default\">\n\t\t\t\t<div class=\"elementor-widget-container\">\n\t\t\t\t\t\t\t\t\t<p>Was tat ich nicht alles, um anerkannt und geliebt zu werden!\u00a0<span style=\"font-size: 1rem; font-weight: var( --e-global-typography-text-font-weight );\">Nur um zu gefallen, habe ich mich angepasst und meine Bed\u00fcrfnisse zur\u00fcckgesteckt.\u00a0<\/span><span style=\"font-size: 1rem; font-weight: var( --e-global-typography-text-font-weight );\">Unzufriedenheit war die logische Konsequenz daraus, verbunden mit dem permanenten Gef\u00fchl, mangelhaft zu sein.\u00a0\u00a0<br \/><\/span><span style=\"font-size: 1rem; font-weight: var( --e-global-typography-text-font-weight );\">Dabei war der Wunsch, ein gl\u00fcckliches und zufriedenes Leben zu f\u00fchren, immens gross. Ich wusste nicht, wie ich das erreichen konnte.\u00a0<\/span><\/p><p>Lange Zeit hatte ich diese \u00abProgrammierung\u00bb in mir. Von Kindesbeinen an hab ich mich vorauseilend unterworfen, wollte lieb und anst\u00e4ndig sein, ganz wie man es von mir erwartet hatte. Permanente Deckelung meiner Bed\u00fcrfnisse und meiner Gef\u00fchle liessen mich ungl\u00fccklich und unerf\u00fcllt zur\u00fcck. Jahre der Unterdr\u00fcckung folgten, bis das Fass \u00fcberlief. Ausbruch war die logische Konsequenz, verbunden mit Gef\u00fchlschaos, Unsicherheit und Verlust.\u00a0 \u00a0<br \/><span style=\"font-size: 1rem; font-weight: var( --e-global-typography-text-font-weight );\">Ich meisterte diese Herausforderungen und wuchs daran. Wovon ich einst tr\u00e4umte, wurde nun zur Wirklichkeit.\u00a0<\/span><span style=\"font-size: 1rem; font-weight: var( --e-global-typography-text-font-weight );\">Ich fing an Dinge zu tun, welche mir guttaten, gefielen und Spass machten, besuchte Kurse, Aus- und Fortbildungen. Fr\u00f6nte meinen Hobbys und bl\u00fchte so richtig auf.\u00a0\u00a0<\/span><span style=\"font-size: 1rem; font-weight: var( --e-global-typography-text-font-weight );\">Heute geniesse ich jeden Augenblick, bin erf\u00fcllt und dankbar, dass ich meine Berufung leben darf und ich mich rundum wohl f\u00fchle.\u00a0<\/span><\/p><p>Und was ich geschafft habe, schaffst du erst recht.\u00a0<\/p><p>So sch\u00f6pfe ich in meinen Beratungen mit gro\u00dfer Hingabe und Begeisterung aus diesem reichen Fundus an Erfahrungen und gebe dies von ganzem Herzen weiter.\u00a0<\/p>\t\t\t\t\t\t\t\t<\/div>\n\t\t\t\t<\/div>\n\t\t\t\t<div class=\"elementor-element elementor-element-0a4381a elementor-widget elementor-widget-image\" data-id=\"0a4381a\" data-element_type=\"widget\" data-e-type=\"widget\" data-widget_type=\"image.default\">\n\t\t\t\t<div class=\"elementor-widget-container\">\n\t\t\t\t\t\t\t\t\t\t\t\t\t\t\t<img decoding=\"async\" width=\"800\" height=\"800\" src=\"https:\/\/www.wellharmony.ch\/wp-content\/uploads\/2022\/03\/Colleen-1024x1024.jpg\" class=\"attachment-large size-large wp-image-1668\" alt=\"\" srcset=\"https:\/\/www.wellharmony.ch\/wp-content\/uploads\/2022\/03\/Colleen-1024x1024.jpg 1024w, https:\/\/www.wellharmony.ch\/wp-content\/uploads\/2022\/03\/Colleen-300x300.jpg 300w, https:\/\/www.wellharmony.ch\/wp-content\/uploads\/2022\/03\/Colleen-150x150.jpg 150w, https:\/\/www.wellharmony.ch\/wp-content\/uploads\/2022\/03\/Colleen-768x768.jpg 768w, https:\/\/www.wellharmony.ch\/wp-content\/uploads\/2022\/03\/Colleen-1536x1536.jpg 1536w, https:\/\/www.wellharmony.ch\/wp-content\/uploads\/2022\/03\/Colleen.jpg 1920w\" sizes=\"(max-width: 800px) 100vw, 800px\" \/>\t\t\t\t\t\t\t\t\t\t\t\t\t\t\t<\/div>\n\t\t\t\t<\/div>\n\t\t\t\t\t<\/div>\n\t\t<\/div>\n\t\t\t\t<div class=\"elementor-column elementor-col-50 elementor-inner-column elementor-element elementor-element-3978008f\" data-id=\"3978008f\" data-element_type=\"column\" data-e-type=\"column\">\n\t\t\t<div class=\"elementor-widget-wrap elementor-element-populated\">\n\t\t\t\t\t\t<div class=\"elementor-element elementor-element-2bb7541 elementor-widget elementor-widget-video\" data-id=\"2bb7541\" data-element_type=\"widget\" data-e-type=\"widget\" data-settings=\"{&quot;video_type&quot;:&quot;hosted&quot;,&quot;controls&quot;:&quot;yes&quot;}\" data-widget_type=\"video.default\">\n\t\t\t\t<div class=\"elementor-widget-container\">\n\t\t\t\t\t\t\t<div class=\"e-hosted-video elementor-wrapper elementor-open-inline\">\n\t\t\t\t\t<video class=\"elementor-video\" src=\"https:\/\/www.wellharmony.ch\/wp-content\/uploads\/2021\/11\/Wellharmony_VOX.m4v\" controls=\"\" preload=\"metadata\" controlsList=\"nodownload\" poster=\"https:\/\/www.wellharmony.ch\/wp-content\/uploads\/2021\/11\/Wellharmony_VOX.jpg\"><\/video>\n\t\t\t\t<\/div>\n\t\t\t\t\t\t<\/div>\n\t\t\t\t<\/div>\n\t\t\t\t<div class=\"elementor-element elementor-element-a196f68 elementor-widget-divider--separator-type-pattern elementor-widget-divider--no-spacing elementor-widget-divider--view-line elementor-widget elementor-widget-divider\" data-id=\"a196f68\" data-element_type=\"widget\" data-e-type=\"widget\" data-widget_type=\"divider.default\">\n\t\t\t\t<div class=\"elementor-widget-container\">\n\t\t\t\t\t\t\t<div class=\"elementor-divider\" style=\"--divider-pattern-url: url(&quot;data:image\/svg+xml,%3Csvg xmlns=&#039;http:\/\/www.w3.org\/2000\/svg&#039; preserveAspectRatio=&#039;xMidYMid meet&#039; overflow=&#039;visible&#039; height=&#039;100%&#039; viewBox=&#039;0 0 120 26&#039; fill=&#039;black&#039; stroke=&#039;none&#039;%3E%3Cpolygon points=&#039;0,14.4 0,21 11.5,12.4 21.3,20 30.4,11.1 40.3,20 51,12.4 60.6,20 69.6,11.1 79.3,20 90.1,12.4 99.6,20 109.7,11.1 120,21 120,14.4 109.7,5 99.6,13 90.1,5 79.3,14.5 71,5.7 60.6,12.4 51,5 40.3,14.5 31.1,5 21.3,13 11.5,5 \t&#039;\/%3E%3C\/svg%3E&quot;);\">\n\t\t\t<span class=\"elementor-divider-separator\">\n\t\t\t\t\t\t<\/span>\n\t\t<\/div>\n\t\t\t\t\t\t<\/div>\n\t\t\t\t<\/div>\n\t\t\t\t<div class=\"elementor-element elementor-element-47400408 animated-slow elementor-invisible elementor-widget elementor-widget-heading\" data-id=\"47400408\" data-element_type=\"widget\" data-e-type=\"widget\" data-settings=\"{&quot;_animation&quot;:&quot;fadeIn&quot;}\" data-widget_type=\"heading.default\">\n\t\t\t\t<div class=\"elementor-widget-container\">\n\t\t\t\t\t<h1 class=\"elementor-heading-title elementor-size-default\">Vita<\/h1>\t\t\t\t<\/div>\n\t\t\t\t<\/div>\n\t\t\t\t<div class=\"elementor-element elementor-element-39d2abd8 elementor-invisible elementor-widget elementor-widget-text-editor\" data-id=\"39d2abd8\" data-element_type=\"widget\" data-e-type=\"widget\" data-settings=\"{&quot;_animation&quot;:&quot;fadeIn&quot;}\" data-widget_type=\"text-editor.default\">\n\t\t\t\t<div class=\"elementor-widget-container\">\n\t\t\t\t\t\t\t\t\t<p style=\"font-weight: 400;\"><b><strong>Diplomierter Impuls-Coach<br \/><\/strong><\/b>Damian Richter (2020 \u2013 2021)\u00a0 \u00a0 \u00a0 \u00a0 \u00a0 \u00a0 \u00a0 \u00a0 \u00a0 \u00a0 \u00a0 \u00a0 \u00a0 \u00a0 \u00a0<\/p><p style=\"font-weight: 400;\"><b><strong>Zertifizierte Kinderbetreuerin<br \/><\/strong><\/b>InSTEP, Weiterbildungsinstitut (2020 \u2013 2021)\u00a0 \u00a0\u00a0<\/p><p style=\"font-weight: 400;\"><b><strong>Diplomierter Visionscoach (VAK)<\/strong><\/b><br \/>Damian Richter (2020)\u00a0 \u00a0 \u00a0 \u00a0 \u00a0 \u00a0 \u00a0 \u00a0 \u00a0 \u00a0 \u00a0 \u00a0 \u00a0 \u00a0 \u00a0 \u00a0 \u00a0 \u00a0 \u00a0<\/p><p style=\"font-weight: 400;\"><b><strong>Diplomierte psychologische Therapeutin und Coach<\/strong><\/b><br \/>Erwachsenenbildung Schilter<br \/>Lebensarena PETA (2012 \u2013 2014)<br \/><b><strong><br \/>Nummerologische Lebensberaterin<\/strong><\/b><br \/>Michael Weber<br \/>Ankana Te (2011 \u2013 2012)<br \/><b><strong><br \/>Systemisches Familienstellen nach Bert Hellinger<br \/><\/strong><\/b>Erwachsenenbildung Schilter<br \/>Lebensarena PETA (2007 \u2013 2008)<\/p><p style=\"font-weight: 400;\"><b><strong>Psychologische Feng Shui Beraterin<\/strong><\/b><br \/>Erwachsenenbildung Schilter<br \/>Lebensarena PETA (2005 \u2013 2007)<\/p><p style=\"font-weight: 400;\"><b><strong>Aquarellmalerin<\/strong><\/b><br \/>Dani Steinemann (2004 \u2013 2007)<\/p><p style=\"font-weight: 400;\"><b><strong>Partnerschaft- und Konfliktl\u00f6sung<\/strong><\/b><br \/>Ref. Kirchgemeinde Bronschhofen (2004 \u2013 2005)<\/p><p style=\"font-weight: 400;\"><b><strong>Aura Soma Farbtherapeutin nach Wicky Wall<\/strong><\/b><br \/>Silvia Elsener AG (1995 \u2013 1996)<br \/>Aura Soma Center<\/p>\t\t\t\t\t\t\t\t<\/div>\n\t\t\t\t<\/div>\n\t\t\t\t\t<\/div>\n\t\t<\/div>\n\t\t\t\t\t<\/div>\n\t\t<\/section>\n\t\t\t\t\t<\/div>\n\t\t<\/div>\n\t\t\t\t\t<\/div>\n\t\t<\/section>\n\t\t\t\t<section class=\"elementor-section elementor-top-section elementor-element elementor-element-9918aa3 elementor-section-boxed elementor-section-height-default elementor-section-height-default\" data-id=\"9918aa3\" data-element_type=\"section\" data-e-type=\"section\" data-settings=\"{&quot;background_background&quot;:&quot;classic&quot;}\">\n\t\t\t\t\t\t<div class=\"elementor-container elementor-column-gap-default\">\n\t\t\t\t\t<div class=\"elementor-column elementor-col-100 elementor-top-column elementor-element elementor-element-3c7bd0b\" data-id=\"3c7bd0b\" data-element_type=\"column\" data-e-type=\"column\">\n\t\t\t<div class=\"elementor-widget-wrap elementor-element-populated\">\n\t\t\t\t\t\t<div class=\"elementor-element elementor-element-c78bfec elementor-shape-rounded elementor-grid-0 e-grid-align-center elementor-widget elementor-widget-social-icons\" data-id=\"c78bfec\" data-element_type=\"widget\" data-e-type=\"widget\" data-widget_type=\"social-icons.default\">\n\t\t\t\t<div class=\"elementor-widget-container\">\n\t\t\t\t\t\t\t<div class=\"elementor-social-icons-wrapper elementor-grid\">\n\t\t\t\t\t\t\t<span class=\"elementor-grid-item\">\n\t\t\t\t\t<a class=\"elementor-icon elementor-social-icon elementor-social-icon-calendar-alt elementor-repeater-item-959331d\" href=\"https:\/\/calendly.com\/wellharmony\/\" target=\"_blank\">\n\t\t\t\t\t\t<span class=\"elementor-screen-only\">Calendar-alt<\/span>\n\t\t\t\t\t\t<svg aria-hidden=\"true\" class=\"e-font-icon-svg e-fas-calendar-alt\" viewBox=\"0 0 448 512\" xmlns=\"http:\/\/www.w3.org\/2000\/svg\"><path d=\"M0 464c0 26.5 21.5 48 48 48h352c26.5 0 48-21.5 48-48V192H0v272zm320-196c0-6.6 5.4-12 12-12h40c6.6 0 12 5.4 12 12v40c0 6.6-5.4 12-12 12h-40c-6.6 0-12-5.4-12-12v-40zm0 128c0-6.6 5.4-12 12-12h40c6.6 0 12 5.4 12 12v40c0 6.6-5.4 12-12 12h-40c-6.6 0-12-5.4-12-12v-40zM192 268c0-6.6 5.4-12 12-12h40c6.6 0 12 5.4 12 12v40c0 6.6-5.4 12-12 12h-40c-6.6 0-12-5.4-12-12v-40zm0 128c0-6.6 5.4-12 12-12h40c6.6 0 12 5.4 12 12v40c0 6.6-5.4 12-12 12h-40c-6.6 0-12-5.4-12-12v-40zM64 268c0-6.6 5.4-12 12-12h40c6.6 0 12 5.4 12 12v40c0 6.6-5.4 12-12 12H76c-6.6 0-12-5.4-12-12v-40zm0 128c0-6.6 5.4-12 12-12h40c6.6 0 12 5.4 12 12v40c0 6.6-5.4 12-12 12H76c-6.6 0-12-5.4-12-12v-40zM400 64h-48V16c0-8.8-7.2-16-16-16h-32c-8.8 0-16 7.2-16 16v48H160V16c0-8.8-7.2-16-16-16h-32c-8.8 0-16 7.2-16 16v48H48C21.5 64 0 85.5 0 112v48h448v-48c0-26.5-21.5-48-48-48z\"><\/path><\/svg>\t\t\t\t\t<\/a>\n\t\t\t\t<\/span>\n\t\t\t\t\t<\/div>\n\t\t\t\t\t\t<\/div>\n\t\t\t\t<\/div>\n\t\t\t\t<div class=\"elementor-element elementor-element-dee0e64 elementor-widget elementor-widget-text-editor\" data-id=\"dee0e64\" data-element_type=\"widget\" data-e-type=\"widget\" data-widget_type=\"text-editor.default\">\n\t\t\t\t<div class=\"elementor-widget-container\">\n\t\t\t\t\t\t\t\t\t<p>Veranstaltungen &amp; Preise<\/p>\t\t\t\t\t\t\t\t<\/div>\n\t\t\t\t<\/div>\n\t\t\t\t\t<\/div>\n\t\t<\/div>\n\t\t\t\t\t<\/div>\n\t\t<\/section>\n\t\t\t\t<\/div>\n\t\t","protected":false},"excerpt":{"rendered":"<p>Colleen Was tat ich nicht alles, um anerkannt und geliebt zu werden!\u00a0Nur um zu gefallen, habe ich mich angepasst und meine Bed\u00fcrfnisse zur\u00fcckgesteckt.\u00a0Unzufriedenheit war die logische Konsequenz daraus, verbunden mit dem permanenten Gef\u00fchl, mangelhaft zu sein.\u00a0\u00a0Dabei war der Wunsch, ein gl\u00fcckliches und zufriedenes Leben zu f\u00fchren, immens gross. Ich wusste nicht, wie ich das erreichen [&hellip;]<\/p>\n","protected":false},"author":1,"featured_media":0,"parent":0,"menu_order":0,"comment_status":"closed","ping_status":"closed","template":"elementor_canvas","meta":{"footnotes":""},"class_list":["post-1546","page","type-page","status-publish","hentry"],"_links":{"self":[{"href":"https:\/\/www.wellharmony.ch\/index.php\/wp-json\/wp\/v2\/pages\/1546","targetHints":{"allow":["GET"]}}],"collection":[{"href":"https:\/\/www.wellharmony.ch\/index.php\/wp-json\/wp\/v2\/pages"}],"about":[{"href":"https:\/\/www.wellharmony.ch\/index.php\/wp-json\/wp\/v2\/types\/page"}],"author":[{"embeddable":true,"href":"https:\/\/www.wellharmony.ch\/index.php\/wp-json\/wp\/v2\/users\/1"}],"replies":[{"embeddable":true,"href":"https:\/\/www.wellharmony.ch\/index.php\/wp-json\/wp\/v2\/comments?post=1546"}],"version-history":[{"count":48,"href":"https:\/\/www.wellharmony.ch\/index.php\/wp-json\/wp\/v2\/pages\/1546\/revisions"}],"predecessor-version":[{"id":2983,"href":"https:\/\/www.wellharmony.ch\/index.php\/wp-json\/wp\/v2\/pages\/1546\/revisions\/2983"}],"wp:attachment":[{"href":"https:\/\/www.wellharmony.ch\/index.php\/wp-json\/wp\/v2\/media?parent=1546"}],"curies":[{"name":"wp","href":"https:\/\/api.w.org\/{rel}","templated":true}]}}